{"id":709,"date":"2023-11-09T12:48:40","date_gmt":"2023-11-09T17:48:40","guid":{"rendered":"https:\/\/gagneroy.com\/nous-joindre\/"},"modified":"2025-09-22T09:51:46","modified_gmt":"2025-09-22T13:51:46","slug":"contact-us","status":"publish","type":"page","link":"https:\/\/gagneroy.com\/en\/contact-us\/","title":{"rendered":"Contact us"},"content":{"rendered":"","protected":false},"excerpt":{"rendered":"","protected":false},"author":1,"featured_media":0,"parent":0,"menu_order":0,"comment_status":"closed","ping_status":"closed","template":"","meta":{"_acf_changed":false,"footnotes":""},"class_list":["post-709","page","type-page","status-publish","hentry"],"acf":[],"yoast_head":"<!-- This site is optimized with the Yoast SEO plugin v27.4 - https:\/\/yoast.com\/product\/yoast-seo-wordpress\/ -->\n<title>Contact Gagn\u00e9 &amp; Roy | Roofing Experts in Qu\u00e9bec<\/title>\n<meta name=\"description\" content=\"Need roofing, resurfacing, or inspection services? Contact Gagn\u00e9 &amp; Roy for a fast quote and expert advice for your commercial building in Qu\u00e9bec.\" \/>\n<meta name=\"robots\" content=\"index, follow, max-snippet:-1, max-image-preview:large, max-video-preview:-1\" \/>\n<link rel=\"canonical\" href=\"https:\/\/gagneroy.com\/en\/contact-us\/\" \/>\n<meta property=\"og:locale\" content=\"en_US\" \/>\n<meta property=\"og:type\" content=\"article\" \/>\n<meta property=\"og:title\" content=\"Contact Gagn\u00e9 &amp; Roy | Roofing Experts in Qu\u00e9bec\" \/>\n<meta property=\"og:description\" content=\"Need roofing, resurfacing, or inspection services? Contact Gagn\u00e9 &amp; Roy for a fast quote and expert advice for your commercial building in Qu\u00e9bec.\" \/>\n<meta property=\"og:url\" content=\"https:\/\/gagneroy.com\/en\/contact-us\/\" \/>\n<meta property=\"og:site_name\" content=\"Gagn\u00e9 &amp; Roy\" \/>\n<meta property=\"article:modified_time\" content=\"2025-09-22T13:51:46+00:00\" \/>\n<meta name=\"twitter:card\" content=\"summary_large_image\" \/>\n<script type=\"application\/ld+json\" class=\"yoast-schema-graph\">{\"@context\":\"https:\\\/\\\/schema.org\",\"@graph\":[{\"@type\":\"WebPage\",\"@id\":\"https:\\\/\\\/gagneroy.com\\\/en\\\/contact-us\\\/\",\"url\":\"https:\\\/\\\/gagneroy.com\\\/en\\\/contact-us\\\/\",\"name\":\"Contact Gagn\u00e9 & Roy | Roofing Experts in Qu\u00e9bec\",\"isPartOf\":{\"@id\":\"https:\\\/\\\/gagneroy.com\\\/en\\\/#website\"},\"datePublished\":\"2023-11-09T17:48:40+00:00\",\"dateModified\":\"2025-09-22T13:51:46+00:00\",\"description\":\"Need roofing, resurfacing, or inspection services? Contact Gagn\u00e9 & Roy for a fast quote and expert advice for your commercial building in Qu\u00e9bec.\",\"inLanguage\":\"en-US\",\"potentialAction\":[{\"@type\":\"ReadAction\",\"target\":[\"https:\\\/\\\/gagneroy.com\\\/en\\\/contact-us\\\/\"]}]},{\"@type\":\"WebSite\",\"@id\":\"https:\\\/\\\/gagneroy.com\\\/en\\\/#website\",\"url\":\"https:\\\/\\\/gagneroy.com\\\/en\\\/\",\"name\":\"Gagn\u00e9 & Roy\",\"description\":\"\",\"potentialAction\":[{\"@type\":\"SearchAction\",\"target\":{\"@type\":\"EntryPoint\",\"urlTemplate\":\"https:\\\/\\\/gagneroy.com\\\/en\\\/?s={search_term_string}\"},\"query-input\":{\"@type\":\"PropertyValueSpecification\",\"valueRequired\":true,\"valueName\":\"search_term_string\"}}],\"inLanguage\":\"en-US\"}]}<\/script>\n<!-- \/ Yoast SEO plugin. -->","yoast_head_json":{"title":"Contact Gagn\u00e9 & Roy | Roofing Experts in Qu\u00e9bec","description":"Need roofing, resurfacing, or inspection services? Contact Gagn\u00e9 & Roy for a fast quote and expert advice for your commercial building in Qu\u00e9bec.","robots":{"index":"index","follow":"follow","max-snippet":"max-snippet:-1","max-image-preview":"max-image-preview:large","max-video-preview":"max-video-preview:-1"},"canonical":"https:\/\/gagneroy.com\/en\/contact-us\/","og_locale":"en_US","og_type":"article","og_title":"Contact Gagn\u00e9 & Roy | Roofing Experts in Qu\u00e9bec","og_description":"Need roofing, resurfacing, or inspection services? Contact Gagn\u00e9 & Roy for a fast quote and expert advice for your commercial building in Qu\u00e9bec.","og_url":"https:\/\/gagneroy.com\/en\/contact-us\/","og_site_name":"Gagn\u00e9 &amp; Roy","article_modified_time":"2025-09-22T13:51:46+00:00","twitter_card":"summary_large_image","schema":{"@context":"https:\/\/schema.org","@graph":[{"@type":"WebPage","@id":"https:\/\/gagneroy.com\/en\/contact-us\/","url":"https:\/\/gagneroy.com\/en\/contact-us\/","name":"Contact Gagn\u00e9 & Roy | Roofing Experts in Qu\u00e9bec","isPartOf":{"@id":"https:\/\/gagneroy.com\/en\/#website"},"datePublished":"2023-11-09T17:48:40+00:00","dateModified":"2025-09-22T13:51:46+00:00","description":"Need roofing, resurfacing, or inspection services? Contact Gagn\u00e9 & Roy for a fast quote and expert advice for your commercial building in Qu\u00e9bec.","inLanguage":"en-US","potentialAction":[{"@type":"ReadAction","target":["https:\/\/gagneroy.com\/en\/contact-us\/"]}]},{"@type":"WebSite","@id":"https:\/\/gagneroy.com\/en\/#website","url":"https:\/\/gagneroy.com\/en\/","name":"Gagn\u00e9 & Roy","description":"","potentialAction":[{"@type":"SearchAction","target":{"@type":"EntryPoint","urlTemplate":"https:\/\/gagneroy.com\/en\/?s={search_term_string}"},"query-input":{"@type":"PropertyValueSpecification","valueRequired":true,"valueName":"search_term_string"}}],"inLanguage":"en-US"}]}},"_links":{"self":[{"href":"https:\/\/gagneroy.com\/en\/wp-json\/wp\/v2\/pages\/709","targetHints":{"allow":["GET"]}}],"collection":[{"href":"https:\/\/gagneroy.com\/en\/wp-json\/wp\/v2\/pages"}],"about":[{"href":"https:\/\/gagneroy.com\/en\/wp-json\/wp\/v2\/types\/page"}],"author":[{"embeddable":true,"href":"https:\/\/gagneroy.com\/en\/wp-json\/wp\/v2\/users\/1"}],"replies":[{"embeddable":true,"href":"https:\/\/gagneroy.com\/en\/wp-json\/wp\/v2\/comments?post=709"}],"version-history":[{"count":2,"href":"https:\/\/gagneroy.com\/en\/wp-json\/wp\/v2\/pages\/709\/revisions"}],"predecessor-version":[{"id":1561,"href":"https:\/\/gagneroy.com\/en\/wp-json\/wp\/v2\/pages\/709\/revisions\/1561"}],"wp:attachment":[{"href":"https:\/\/gagneroy.com\/en\/wp-json\/wp\/v2\/media?parent=709"}],"curies":[{"name":"wp","href":"https:\/\/api.w.org\/{rel}","templated":true}]}}