{"id":710,"date":"2024-02-23T08:28:04","date_gmt":"2024-02-23T13:28:04","guid":{"rendered":"https:\/\/gagneroy.com\/politique-de-condidentialite\/"},"modified":"2025-06-25T13:53:08","modified_gmt":"2025-06-25T17:53:08","slug":"privacy-policy","status":"publish","type":"page","link":"https:\/\/gagneroy.com\/en\/privacy-policy\/","title":{"rendered":"Politique de condidentialit\u00e9"},"content":{"rendered":"","protected":false},"excerpt":{"rendered":"","protected":false},"author":1,"featured_media":0,"parent":0,"menu_order":0,"comment_status":"closed","ping_status":"closed","template":"","meta":{"_acf_changed":false,"footnotes":""},"class_list":["post-710","page","type-page","status-publish","hentry"],"acf":[],"yoast_head":"<!-- This site is optimized with the Yoast SEO plugin v27.4 - https:\/\/yoast.com\/product\/yoast-seo-wordpress\/ -->\n<title>Privacy Policy | Gagn\u00e9 &amp; Roy Roofing Qu\u00e9bec<\/title>\n<meta name=\"description\" content=\"Learn how Gagn\u00e9 &amp; Roy collects, uses, and protects your personal information in compliance with applicable privacy and data protection laws.\" \/>\n<meta name=\"robots\" content=\"index, follow, max-snippet:-1, max-image-preview:large, max-video-preview:-1\" \/>\n<link rel=\"canonical\" href=\"https:\/\/gagneroy.com\/en\/privacy-policy\/\" \/>\n<meta property=\"og:locale\" content=\"en_US\" \/>\n<meta property=\"og:type\" content=\"article\" \/>\n<meta property=\"og:title\" content=\"Privacy Policy | Gagn\u00e9 &amp; Roy Roofing Qu\u00e9bec\" \/>\n<meta property=\"og:description\" content=\"Learn how Gagn\u00e9 &amp; Roy collects, uses, and protects your personal information in compliance with applicable privacy and data protection laws.\" \/>\n<meta property=\"og:url\" content=\"https:\/\/gagneroy.com\/en\/privacy-policy\/\" \/>\n<meta property=\"og:site_name\" content=\"Gagn\u00e9 &amp; Roy\" \/>\n<meta property=\"article:modified_time\" content=\"2025-06-25T17:53:08+00:00\" \/>\n<meta name=\"twitter:card\" content=\"summary_large_image\" \/>\n<script type=\"application\/ld+json\" class=\"yoast-schema-graph\">{\"@context\":\"https:\\\/\\\/schema.org\",\"@graph\":[{\"@type\":\"WebPage\",\"@id\":\"https:\\\/\\\/gagneroy.com\\\/en\\\/privacy-policy\\\/\",\"url\":\"https:\\\/\\\/gagneroy.com\\\/en\\\/privacy-policy\\\/\",\"name\":\"Privacy Policy | Gagn\u00e9 & Roy Roofing Qu\u00e9bec\",\"isPartOf\":{\"@id\":\"https:\\\/\\\/gagneroy.com\\\/en\\\/#website\"},\"datePublished\":\"2024-02-23T13:28:04+00:00\",\"dateModified\":\"2025-06-25T17:53:08+00:00\",\"description\":\"Learn how Gagn\u00e9 & Roy collects, uses, and protects your personal information in compliance with applicable privacy and data protection laws.\",\"inLanguage\":\"en-US\",\"potentialAction\":[{\"@type\":\"ReadAction\",\"target\":[\"https:\\\/\\\/gagneroy.com\\\/en\\\/privacy-policy\\\/\"]}]},{\"@type\":\"WebSite\",\"@id\":\"https:\\\/\\\/gagneroy.com\\\/en\\\/#website\",\"url\":\"https:\\\/\\\/gagneroy.com\\\/en\\\/\",\"name\":\"Gagn\u00e9 & Roy\",\"description\":\"\",\"potentialAction\":[{\"@type\":\"SearchAction\",\"target\":{\"@type\":\"EntryPoint\",\"urlTemplate\":\"https:\\\/\\\/gagneroy.com\\\/en\\\/?s={search_term_string}\"},\"query-input\":{\"@type\":\"PropertyValueSpecification\",\"valueRequired\":true,\"valueName\":\"search_term_string\"}}],\"inLanguage\":\"en-US\"}]}<\/script>\n<!-- \/ Yoast SEO plugin. -->","yoast_head_json":{"title":"Privacy Policy | Gagn\u00e9 & Roy Roofing Qu\u00e9bec","description":"Learn how Gagn\u00e9 & Roy collects, uses, and protects your personal information in compliance with applicable privacy and data protection laws.","robots":{"index":"index","follow":"follow","max-snippet":"max-snippet:-1","max-image-preview":"max-image-preview:large","max-video-preview":"max-video-preview:-1"},"canonical":"https:\/\/gagneroy.com\/en\/privacy-policy\/","og_locale":"en_US","og_type":"article","og_title":"Privacy Policy | Gagn\u00e9 & Roy Roofing Qu\u00e9bec","og_description":"Learn how Gagn\u00e9 & Roy collects, uses, and protects your personal information in compliance with applicable privacy and data protection laws.","og_url":"https:\/\/gagneroy.com\/en\/privacy-policy\/","og_site_name":"Gagn\u00e9 &amp; Roy","article_modified_time":"2025-06-25T17:53:08+00:00","twitter_card":"summary_large_image","schema":{"@context":"https:\/\/schema.org","@graph":[{"@type":"WebPage","@id":"https:\/\/gagneroy.com\/en\/privacy-policy\/","url":"https:\/\/gagneroy.com\/en\/privacy-policy\/","name":"Privacy Policy | Gagn\u00e9 & Roy Roofing Qu\u00e9bec","isPartOf":{"@id":"https:\/\/gagneroy.com\/en\/#website"},"datePublished":"2024-02-23T13:28:04+00:00","dateModified":"2025-06-25T17:53:08+00:00","description":"Learn how Gagn\u00e9 & Roy collects, uses, and protects your personal information in compliance with applicable privacy and data protection laws.","inLanguage":"en-US","potentialAction":[{"@type":"ReadAction","target":["https:\/\/gagneroy.com\/en\/privacy-policy\/"]}]},{"@type":"WebSite","@id":"https:\/\/gagneroy.com\/en\/#website","url":"https:\/\/gagneroy.com\/en\/","name":"Gagn\u00e9 & Roy","description":"","potentialAction":[{"@type":"SearchAction","target":{"@type":"EntryPoint","urlTemplate":"https:\/\/gagneroy.com\/en\/?s={search_term_string}"},"query-input":{"@type":"PropertyValueSpecification","valueRequired":true,"valueName":"search_term_string"}}],"inLanguage":"en-US"}]}},"_links":{"self":[{"href":"https:\/\/gagneroy.com\/en\/wp-json\/wp\/v2\/pages\/710","targetHints":{"allow":["GET"]}}],"collection":[{"href":"https:\/\/gagneroy.com\/en\/wp-json\/wp\/v2\/pages"}],"about":[{"href":"https:\/\/gagneroy.com\/en\/wp-json\/wp\/v2\/types\/page"}],"author":[{"embeddable":true,"href":"https:\/\/gagneroy.com\/en\/wp-json\/wp\/v2\/users\/1"}],"replies":[{"embeddable":true,"href":"https:\/\/gagneroy.com\/en\/wp-json\/wp\/v2\/comments?post=710"}],"version-history":[{"count":2,"href":"https:\/\/gagneroy.com\/en\/wp-json\/wp\/v2\/pages\/710\/revisions"}],"predecessor-version":[{"id":1440,"href":"https:\/\/gagneroy.com\/en\/wp-json\/wp\/v2\/pages\/710\/revisions\/1440"}],"wp:attachment":[{"href":"https:\/\/gagneroy.com\/en\/wp-json\/wp\/v2\/media?parent=710"}],"curies":[{"name":"wp","href":"https:\/\/api.w.org\/{rel}","templated":true}]}}